{"id":5,"date":"2015-08-09T10:41:43","date_gmt":"2015-08-09T09:41:43","guid":{"rendered":"http:\/\/chess.vstecb.cz\/?page_id=5"},"modified":"2020-04-10T10:47:34","modified_gmt":"2020-04-10T09:47:34","slug":"uvod","status":"publish","type":"page","link":"https:\/\/chess.vstecb.cz\/index.php\/oddil\/uvod\/","title":{"rendered":"O n\u00e1s"},"content":{"rendered":"<div id=\"lipsum\">\n<h1>O n\u00e1s<\/h1>\n<p>Z\u00a0iniciativy <span style=\"color: #3366ff;\"><a style=\"color: #3366ff;\" href=\"http:\/\/www.vstecb.cz\/\">Vysok\u00e9 \u0161koly technick\u00e9 a ekonomick\u00e9 v\u00a0\u010cesk\u00fdch Bud\u011bjovic\u00edch (V\u0160TE)<\/a><\/span> byla p\u0159i t\u00e9to \u0161kole k\u00a01. 7. 2015 zalo\u017eena \u0160achov\u00e1 akademie jako \u00fa\u010delov\u00e9 za\u0159\u00edzen\u00ed V\u0160TE\u00a0 pro kulturn\u00ed a sportovn\u00ed \u010dinnost. D\u016fvody pro zalo\u017een\u00ed \u0160achov\u00e9 akademie byly prost\u00e9: V\u0160TE si je v\u011bdoma p\u0159\u00ednosu \u0161achov\u00e9 hry pro intelektu\u00e1ln\u00ed rozvoj mlad\u00e9 generace.<\/p>\n<p><span style=\"color: #3366ff;\">Od 15.12.2017 je \u0160achov\u00e1 akademie registrov\u00e1na jako zapsan\u00fd spolek.<\/span><\/p>\n<p>V\u0160TE p\u0159ipravuje pro firmy a tedy i pro spole\u010dnost technicky orientovan\u00e9 jedince. Je zn\u00e1mo, \u017ee \u0161achist\u00e9 jsou p\u0159ev\u00e1\u017en\u011b takto orientovan\u00ed. \u201eOd \u0160achov\u00e9 akademie si slibujeme nejen dal\u0161\u00ed propagaci na\u0161\u00ed vysok\u00e9 \u0161koly, ale i popularizaci \u0161achu a technick\u00fdch obor\u016f,\u201c \u0159\u00edk\u00e1 rektor Marek Vochozka.<\/p>\n<p>\u0160achy jsou hrou, dostupnou pro d\u011bti ze v\u0161ech soci\u00e1ln\u00edch skupin a nen\u00ed bez v\u00fdznamu, \u017ee \u0161achov\u00e1 hra p\u0159edstavuje pro d\u00edvky i chlapce v\u00fdznamnou z\u00e1jmovou aktivitu, p\u0159i kter\u00e9 se rozv\u00edj\u00ed logick\u00e9 i abstraktn\u00ed my\u0161len\u00ed, kreativita, intuice, pam\u011b\u0165 a rozhodovac\u00ed schopnosti; podn\u011bcuje p\u0159edstavivost a fantazii, zlep\u0161uje koncentraci, trp\u011blivost a v\u00fddr\u017e d\u011bt\u00ed. Nezanedbateln\u00fd je v\u00fdchovn\u00e9 aspekt \u0161achu &#8211;\u00a0za nerespektov\u00e1n\u00ed platn\u00fdch pravidel hry, za hern\u00ed nek\u00e1ze\u0148 a nesoust\u0159ed\u011bnost n\u00e1sleduje okam\u017eit\u00fd trest. D\u011bti se tak u\u010d\u00ed soust\u0159edit se na vykon\u00e1vanou \u010dinnost a p\u0159ij\u00edmat za ni zodpov\u011bdnost.<\/p>\n<p>\u0160achov\u00e1 akademie V\u0160TE, z. s., si klade za c\u00edl propagovat a popularizovat \u0161ach a vytv\u00e1\u0159et podm\u00ednky pro r\u016fst talentovan\u00fdch \u0161achist\u016f a \u0161achistek. Tohoto c\u00edle chce \u0160achov\u00e1 akademie dos\u00e1hnout mj. metodick\u00fdm zaji\u0161t\u011bn\u00edm v\u00fduky \u010dlen\u016f odd\u00edlu, student\u016f V\u0160TE, S\u0160 a Z\u0160 a z\u00e1jemc\u016fm z \u0159ad ve\u0159ejnosti.<\/p>\n<p>\u0160achov\u00e1 akademie V\u0160TE je od sv\u00e9ho zalo\u017een\u00ed registrov\u00e1na u <span style=\"color: #3366ff;\"><a style=\"color: #3366ff;\" href=\"http:\/\/www.chess.cz\/\">\u0160achov\u00e9ho svazu \u010cesk\u00e9 republiky.<\/a><\/span><\/p>\n<p>\u0160achovou akademii V\u0160TE reprezentuj\u00ed mj. mlad\u00ed talentovan\u00ed \u0161achist\u00e9 a \u0161achistky, z\u00a0nich\u017e n\u011bkte\u0159\u00ed jsou \u00fasp\u011b\u0161n\u00ed v\u00a0sout\u011b\u017e\u00edch jednotlivc\u016f i dru\u017estev na krajsk\u00e9 i republikov\u00e9 \u00farovni. \u0160A V\u0160TE se aktivn\u011b \u00fa\u010dastn\u00ed sout\u011b\u017e\u00ed dru\u017estev i jednotlivc\u016f a organizuje \u0161achov\u00e9 turnaje pro ml\u00e1de\u017e i dosp\u011bl\u00e9.<\/p>\n<p>\u0160achov\u00e1 akademie V\u0160TE spolupracuje se v\u0161emi odd\u00edly, kter\u00e9 maj\u00ed o spolupr\u00e1ci z\u00e1jem &#8211;\u00a0nejen s\u00a0odd\u00edly z\u00a0jiho\u010desk\u00e9ho regionu, ale i s\u00a0odd\u00edly z\u00a0cel\u00e9 \u010cR, p\u0159\u00edpadn\u011b ze zahrani\u010d\u00ed.<\/p>\n<p>R\u00e1di V\u00e1m poskytneme informaci o tom, co v\u00a0akademii d\u011bl\u00e1me a jak se k\u00a0n\u00e1m p\u0159idat:<\/p>\n<p>Ing. Rudolf \u010cern\u00edk, tel. 604\u00a0104\u00a0593, e-mail:\u00a0<span style=\"color: #3366ff;\"><a style=\"color: #3366ff;\" href=\"mailto:cernikr@volny.cz\">cernikr@volny.cz<\/a>.<\/span><\/p>\n<\/div>\n<p><!-- \/* 15pJQhrPh3XJCUOiaQCa62html *\/ --><!-- c9bZmOTApt --><!-- \/* 1uqjsQSyWVhmOHAEVa1i62html *\/ --><\/p>\n","protected":false},"excerpt":{"rendered":"<p>O n\u00e1s Z\u00a0iniciativy Vysok\u00e9 \u0161koly technick\u00e9 a ekonomick\u00e9 v\u00a0\u010cesk\u00fdch Bud\u011bjovic\u00edch (V\u0160TE) byla p\u0159i t\u00e9to \u0161kole k\u00a01. 7. 2015 zalo\u017eena \u0160achov\u00e1 akademie jako \u00fa\u010delov\u00e9 za\u0159\u00edzen\u00ed V\u0160TE\u00a0 pro kulturn\u00ed a sportovn\u00ed \u010dinnost. D\u016fvody pro zalo\u017een\u00ed \u0160achov\u00e9 akademie byly prost\u00e9: V\u0160TE si je v\u011bdoma p\u0159\u00ednosu \u0161achov\u00e9 hry pro intelektu\u00e1ln\u00ed rozvoj mlad\u00e9 generace. Od 15.12.2017 je \u0160achov\u00e1 akademie registrov\u00e1na &hellip; <a href=\"https:\/\/chess.vstecb.cz\/index.php\/oddil\/uvod\/\" class=\"more-link\">Pokra\u010dov\u00e1n\u00ed textu <span class=\"screen-reader-text\">O n\u00e1s<\/span> <span class=\"meta-nav\">&rarr;<\/span><\/a><\/p>\n","protected":false},"author":1,"featured_media":0,"parent":51,"menu_order":0,"comment_status":"closed","ping_status":"closed","template":"","meta":[],"_links":{"self":[{"href":"https:\/\/chess.vstecb.cz\/index.php\/wp-json\/wp\/v2\/pages\/5"}],"collection":[{"href":"https:\/\/chess.vstecb.cz\/index.php\/wp-json\/wp\/v2\/pages"}],"about":[{"href":"https:\/\/chess.vstecb.cz\/index.php\/wp-json\/wp\/v2\/types\/page"}],"author":[{"embeddable":true,"href":"https:\/\/chess.vstecb.cz\/index.php\/wp-json\/wp\/v2\/users\/1"}],"replies":[{"embeddable":true,"href":"https:\/\/chess.vstecb.cz\/index.php\/wp-json\/wp\/v2\/comments?post=5"}],"version-history":[{"count":556,"href":"https:\/\/chess.vstecb.cz\/index.php\/wp-json\/wp\/v2\/pages\/5\/revisions"}],"predecessor-version":[{"id":6041,"href":"https:\/\/chess.vstecb.cz\/index.php\/wp-json\/wp\/v2\/pages\/5\/revisions\/6041"}],"up":[{"embeddable":true,"href":"https:\/\/chess.vstecb.cz\/index.php\/wp-json\/wp\/v2\/pages\/51"}],"wp:attachment":[{"href":"https:\/\/chess.vstecb.cz\/index.php\/wp-json\/wp\/v2\/media?parent=5"}],"curies":[{"name":"wp","href":"https:\/\/api.w.org\/{rel}","templated":true}]}}