{"id":5511,"date":"2019-08-31T11:35:47","date_gmt":"2019-08-31T10:35:47","guid":{"rendered":"http:\/\/chess.vstecb.cz\/?page_id=5511"},"modified":"2022-08-14T10:45:41","modified_gmt":"2022-08-14T09:45:41","slug":"partie-ke-stazeni","status":"publish","type":"page","link":"https:\/\/chess.vstecb.cz\/index.php\/partie-ke-stazeni\/","title":{"rendered":"Partie ke sta\u017een\u00ed"},"content":{"rendered":"<h2>Partie ke sta\u017een\u00ed<\/h2>\n<p>Open Nov\u00e9 Hrady 2022 &#8211; Partie &#8211; kole 1. <a href=\"https:\/\/chess.vstecb.cz\/wp-content\/uploads\/2022\/08\/Open-Nove-Hrady-2022-1.-kolo.zip\">zde<\/a><br \/>\nExtraligy ml\u00e1de\u017ee 2020\/2021 &#8211; Skupina z\u00e1pad &#8211; Partie &#8211; kolo 1. &#8211; 4. <a href=\"http:\/\/chess.vstecb.cz\/wp-content\/uploads\/2020\/10\/ELM_20-21_1-4kolo.zip\">zde<br \/>\n<\/a>1. ligy ml\u00e1de\u017ee 2020\/2021 &#8211; Skupina B &#8211; Partie &#8211; kolo 1.-3. <a href=\"http:\/\/chess.vstecb.cz\/wp-content\/uploads\/2020\/10\/1LMB_20-21_1-3kolo.zip\">zde<\/a><br \/>\nOpen Nov\u00e9 Hrady &#8211; Velk\u00e1 cena V\u0160TE 2019 &#8211; Partie &#8211; kolo 1. &#8211; 7. <a href=\"http:\/\/extranet.egem.cz\/files\/2019_Velka_cena_VSTE_1-7.pgn\" target=\"_blank\" rel=\"noopener\">zde<\/a><\/p>\n","protected":false},"excerpt":{"rendered":"<p>Partie ke sta\u017een\u00ed Open Nov\u00e9 Hrady 2022 &#8211; Partie &#8211; kole 1. zde Extraligy ml\u00e1de\u017ee 2020\/2021 &#8211; Skupina z\u00e1pad &#8211; Partie &#8211; kolo 1. &#8211; 4. zde 1. ligy ml\u00e1de\u017ee 2020\/2021 &#8211; Skupina B &#8211; Partie &#8211; kolo 1.-3. zde Open Nov\u00e9 Hrady &#8211; Velk\u00e1 cena V\u0160TE 2019 &#8211; Partie &#8211; kolo 1. &#8211; 7. &hellip; <a href=\"https:\/\/chess.vstecb.cz\/index.php\/partie-ke-stazeni\/\" class=\"more-link\">Pokra\u010dov\u00e1n\u00ed textu <span class=\"screen-reader-text\">Partie ke sta\u017een\u00ed<\/span> <span class=\"meta-nav\">&rarr;<\/span><\/a><\/p>\n","protected":false},"author":2,"featured_media":0,"parent":0,"menu_order":0,"comment_status":"closed","ping_status":"open","template":"","meta":[],"_links":{"self":[{"href":"https:\/\/chess.vstecb.cz\/index.php\/wp-json\/wp\/v2\/pages\/5511"}],"collection":[{"href":"https:\/\/chess.vstecb.cz\/index.php\/wp-json\/wp\/v2\/pages"}],"about":[{"href":"https:\/\/chess.vstecb.cz\/index.php\/wp-json\/wp\/v2\/types\/page"}],"author":[{"embeddable":true,"href":"https:\/\/chess.vstecb.cz\/index.php\/wp-json\/wp\/v2\/users\/2"}],"replies":[{"embeddable":true,"href":"https:\/\/chess.vstecb.cz\/index.php\/wp-json\/wp\/v2\/comments?post=5511"}],"version-history":[{"count":7,"href":"https:\/\/chess.vstecb.cz\/index.php\/wp-json\/wp\/v2\/pages\/5511\/revisions"}],"predecessor-version":[{"id":7017,"href":"https:\/\/chess.vstecb.cz\/index.php\/wp-json\/wp\/v2\/pages\/5511\/revisions\/7017"}],"wp:attachment":[{"href":"https:\/\/chess.vstecb.cz\/index.php\/wp-json\/wp\/v2\/media?parent=5511"}],"curies":[{"name":"wp","href":"https:\/\/api.w.org\/{rel}","templated":true}]}}