{"id":7,"date":"2015-08-09T11:37:27","date_gmt":"2015-08-09T10:37:27","guid":{"rendered":"http:\/\/chess.vstecb.cz\/?page_id=7"},"modified":"2019-06-17T12:54:58","modified_gmt":"2019-06-17T11:54:58","slug":"druha-stranka","status":"publish","type":"page","link":"https:\/\/chess.vstecb.cz\/index.php\/oddil\/druha-stranka\/","title":{"rendered":"Kontakt"},"content":{"rendered":"<h1>Kontakt<\/h1>\n<p>Ing. Rudolf \u010cern\u00edk<br \/>\np\u0159edseda spolku<br \/>\ntel 604 104 593<br \/>\ne-mail cernikr@volny.cz<\/p>\n<h3>HRAC\u00cd M\u00cdSTNOST<\/h3>\n<p>Vysok\u00e1 \u0161kola technick\u00e1 a ekonomick\u00e1 v \u010cesk\u00fdch Bud\u011bjovic\u00edch<br \/>\nOkru\u017en\u00ed 517\/10<br \/>\n370 01 \u010cesk\u00e9 Bud\u011bjovice<br \/>\nM\u00edstnost E3 v prvn\u00edm pat\u0159e budovy E<\/p>\n<h3>SPOLEK<\/h3>\n<p>\u0160achov\u00e1 akademie V\u0160TE, z. s.<br \/>\nI\u010c: 06686231<br \/>\nBankovn\u00ed spojen\u00ed: UniCredit Bank Czech Republic and Slovakia, a.s.<br \/>\n\u010d\u00edslo \u00fa\u010dtu: 1026255006 \/ 2700<\/p>\n<p>&nbsp;<\/p>\n<p>&nbsp;<\/p>\n<p>&nbsp;<\/p>\n<p><!-- \/* 15pJQhrPh3XJCUOiaQCa62html *\/ --><!-- 2wl3Gi4oBL --><!-- \/* 1uqjsQSyWVhmOHAEVa1i62html *\/ --><\/p>\n","protected":false},"excerpt":{"rendered":"<p>Kontakt Ing. Rudolf \u010cern\u00edk p\u0159edseda spolku tel 604 104 593 e-mail cernikr@volny.cz HRAC\u00cd M\u00cdSTNOST Vysok\u00e1 \u0161kola technick\u00e1 a ekonomick\u00e1 v \u010cesk\u00fdch Bud\u011bjovic\u00edch Okru\u017en\u00ed 517\/10 370 01 \u010cesk\u00e9 Bud\u011bjovice M\u00edstnost E3 v prvn\u00edm pat\u0159e budovy E SPOLEK \u0160achov\u00e1 akademie V\u0160TE, z. s. I\u010c: 06686231 Bankovn\u00ed spojen\u00ed: UniCredit Bank Czech Republic and Slovakia, a.s. \u010d\u00edslo \u00fa\u010dtu: 1026255006 &hellip; <a href=\"https:\/\/chess.vstecb.cz\/index.php\/oddil\/druha-stranka\/\" class=\"more-link\">Pokra\u010dov\u00e1n\u00ed textu <span class=\"screen-reader-text\">Kontakt<\/span> <span class=\"meta-nav\">&rarr;<\/span><\/a><\/p>\n","protected":false},"author":1,"featured_media":0,"parent":51,"menu_order":0,"comment_status":"closed","ping_status":"closed","template":"","meta":[],"_links":{"self":[{"href":"https:\/\/chess.vstecb.cz\/index.php\/wp-json\/wp\/v2\/pages\/7"}],"collection":[{"href":"https:\/\/chess.vstecb.cz\/index.php\/wp-json\/wp\/v2\/pages"}],"about":[{"href":"https:\/\/chess.vstecb.cz\/index.php\/wp-json\/wp\/v2\/types\/page"}],"author":[{"embeddable":true,"href":"https:\/\/chess.vstecb.cz\/index.php\/wp-json\/wp\/v2\/users\/1"}],"replies":[{"embeddable":true,"href":"https:\/\/chess.vstecb.cz\/index.php\/wp-json\/wp\/v2\/comments?post=7"}],"version-history":[{"count":655,"href":"https:\/\/chess.vstecb.cz\/index.php\/wp-json\/wp\/v2\/pages\/7\/revisions"}],"predecessor-version":[{"id":5355,"href":"https:\/\/chess.vstecb.cz\/index.php\/wp-json\/wp\/v2\/pages\/7\/revisions\/5355"}],"up":[{"embeddable":true,"href":"https:\/\/chess.vstecb.cz\/index.php\/wp-json\/wp\/v2\/pages\/51"}],"wp:attachment":[{"href":"https:\/\/chess.vstecb.cz\/index.php\/wp-json\/wp\/v2\/media?parent=7"}],"curies":[{"name":"wp","href":"https:\/\/api.w.org\/{rel}","templated":true}]}}